{"id":1676,"date":"2025-08-20T10:26:08","date_gmt":"2025-08-20T09:26:08","guid":{"rendered":"https:\/\/vaqueriamediterranea.com\/privacy-policy\/"},"modified":"2025-08-20T10:26:09","modified_gmt":"2025-08-20T09:26:09","slug":"privacy-policy","status":"publish","type":"page","link":"https:\/\/vaqueriamediterranea.com\/en\/privacy-policy\/","title":{"rendered":"Privacy Policy"},"content":{"rendered":"\t\t<div data-elementor-type=\"wp-page\" data-elementor-id=\"1676\" class=\"elementor elementor-1676 elementor-3\" data-elementor-post-type=\"page\">\n\t\t\t\t\t\t<section class=\"elementor-section elementor-top-section elementor-element elementor-element-9824781 elementor-section-height-min-height elementor-section-items-top elementor-section-boxed elementor-section-height-default\" data-id=\"9824781\" data-element_type=\"section\" data-e-type=\"section\" data-settings=\"{&quot;background_background&quot;:&quot;classic&quot;}\">\n\t\t\t\t\t\t<div class=\"elementor-container elementor-column-gap-default\">\n\t\t\t\t\t<div class=\"elementor-column elementor-col-100 elementor-top-column elementor-element elementor-element-972470c\" data-id=\"972470c\" data-element_type=\"column\" data-e-type=\"column\">\n\t\t\t<div class=\"elementor-widget-wrap elementor-element-populated\">\n\t\t\t\t\t\t<div class=\"elementor-element elementor-element-a9ebf74 elementor-widget-tablet__width-inherit elementor-widget elementor-widget-heading\" data-id=\"a9ebf74\" data-element_type=\"widget\" data-e-type=\"widget\" data-widget_type=\"heading.default\">\n\t\t\t\t<div class=\"elementor-widget-container\">\n\t\t\t\t\t<h1 class=\"elementor-heading-title elementor-size-default\">PRIVACY POLICY. <\/h1>\t\t\t\t<\/div>\n\t\t\t\t<\/div>\n\t\t\t\t<div class=\"elementor-element elementor-element-4c4964e elementor-widget-tablet__width-inherit elementor-widget elementor-widget-text-editor\" data-id=\"4c4964e\" data-element_type=\"widget\" data-e-type=\"widget\" data-widget_type=\"text-editor.default\">\n\t\t\t\t<div class=\"elementor-widget-container\">\n\t\t\t\t\t\t\t\t\t<p>El objetivo de esta pol\u00edtica es informar a los interesados acerca de los distintos tratamientos realizados por esta organizaci\u00f3n mediante la p\u00e1gina web y que afecten a sus datos personales de conformidad con lo establecido en la Ley Org\u00e1nica 3\/2018, de 5 de diciembre, de Protecci\u00f3n de Datos Personales y garant\u00eda de los derechos digitales y el Reglamento (UE) 2016\/679 del Parlamento Europeo y del Consejo de 27 de abril de 2016.<\/p>\n<ol class=\"wp-block-list\">\n<li><strong>IDENTIFICACI\u00d3N Y DATOS DE CONTACTO DEL RESPONSABLE.<\/strong><\/li>\n<\/ol>\n<p>La organizaci\u00f3n BENIMAGRELL 52, SLU, domiciliada en la CTRA. BENIMAGRELL, 52 (03560 EL CAMPELLO) ALICANTE, con <strong>N.I.F.<\/strong> B53145546, tel\u00e9fono de contacto: 633876696 y correo electr\u00f3nico info@grupo-gourmet.com.  <\/p>\n<ol class=\"wp-block-list\" start=\"2\">\n<li><strong>FINALIDADES DEL TRATAMIENTO DE SUS DATOS PERSONALES. <\/strong><\/li>\n<\/ol>\n<ul class=\"wp-block-list\">\n<li><strong>USUARIOS\/NAVEGANTES DE LA P\u00c1GINA WEB DEL RESPONSABLE.<\/strong><strong> <\/strong><\/li>\n<\/ul>\n<p>Trataremos sus datos de car\u00e1cter personal facilitados a trav\u00e9s de nuestros formularios web para: <\/p>\n<ul class=\"wp-block-list\">\n<li>Atender a las solicitudes, quejas e incidencias trasladadas a trav\u00e9s de nuestros canales de contacto incorporados en la p\u00e1gina web. <\/li>\n<li>Entender el comportamiento del navegante dentro de la web con el fin de detectar posibles ataques inform\u00e1ticos a nuestra web.<\/li>\n<\/ul>\n<ul class=\"wp-block-list\">\n<li>Cumplir con las obligaciones legales que nos resulten directamente aplicables y regulen nuestra actividad. <\/li>\n<li>Para proteger y ejercer nuestros derechos o responder ante reclamaciones de cualquier \u00edndole.<\/li>\n<li>Gestionamos sus datos para programar la reserva solicitada. <\/li>\n<\/ul>\n<ol class=\"wp-block-list\" start=\"3\">\n<li><strong>BASE JUR\u00cdDICA DEL TRATAMIENTO. <\/strong><\/li>\n<\/ol>\n<ul class=\"wp-block-list\">\n<li><strong>USUARIOS\/NAVEGANTES EN LA P\u00c1GINA WEB DEL RESPONSABLE.<\/strong> <\/li>\n<\/ul>\n<ul class=\"wp-block-list\">\n<li>En el consentimiento que nos has prestado para tratar tus datos con las finalidades indicadas. La negativa a facilitar sus datos personales conllevara la imposibilidad de tratar sus datos con las finalidades mencionadas. <\/li>\n<li>Para cumplir con las obligaciones legales que se nos aplican. En este caso, el interesado no podr\u00e1 negarse al tratamiento de los datos personales<strong>.<\/strong> <\/li>\n<li>En nuestro inter\u00e9s leg\u00edtimo de proteger nuestra imagen, negocio y trayectoria evitando ataques a nuestra p\u00e1gina web. En este caso, el interesado no podr\u00e1 negarse al tratamiento de los datos personales<strong>, <\/strong>aunque podr\u00e1 ejercer, en su caso, los derechos reconocidos en el apartado octavos de la presente pol\u00edtica <\/li>\n<\/ul>\n<ol class=\"wp-block-list\" start=\"4\">\n<li><strong>PLAZOS O CRITERIOS DE CONSERVACI\u00d3N DE LOS DATOS.<\/strong><\/li>\n<\/ol>\n<p>Los datos personales proporcionados se conservar\u00e1n durante el tiempo necesario para cumplir con las finalidades para los que fueron recopilados inicialmente.<\/p>\n<p>Una vez que los datos dejen de ser necesarios para el tratamiento en cuesti\u00f3n, estos se mantendr\u00e1n debidamente bloqueados para, en su caso, ponerlos a disposici\u00f3n de las Administraciones y Organismos P\u00fablicas competentes, Jueces y Tribunales o el Ministerio Fiscal, durante el plazo de prescripci\u00f3n de las acciones que pudieran derivarse de la relaci\u00f3n mantenida con el cliente y\/o los plazos de conservaci\u00f3n previstos legalmente.<\/p>\n<p>Periodo de bloqueo de los datos: <\/p>\n<ul class=\"wp-block-list\">\n<li><strong>EL C\u00d3DIGO CIVIL.<\/strong> Entre 5 o 15 a\u00f1os seg\u00fan el caso, atendiendo a lo dispuesto en el art\u00edculo 1964.2 del cuerpo legal mencionado. <\/li>\n<li><strong>EL C\u00d3DIGO DEL COMERCIO.<\/strong><strong> <\/strong>Durante 6 a\u00f1os, atendiendo a dispuesto en el art\u00edculo 30 del cuerpo legal mencionado. Se aplica respecto de la informaci\u00f3n mercantil relacionada con (facturas emitidas y recibidas, tickets, facturas rectificativas, documentos bancarios, etc.).  <\/li>\n<li><strong>LA LEY GENERAL TRIBUTARIA.<\/strong> Durante 4 a\u00f1os atendiendo a dispuesto en los art\u00edculos 66 a 70 del cuerpo legal mencionado. Se aplica a la informaci\u00f3n relacionada con las obligaciones fiscales.  <\/li>\n<\/ul>\n<ol class=\"wp-block-list\" start=\"5\">\n<li><strong>DECISIONES AUTOMATIZADAS Y ELABORACI\u00d3N DE PERFILES. <\/strong><\/li>\n<\/ol>\n<p>La p\u00e1gina web no toma decisiones automatizadas ni elabora perfiles. <\/p>\n<ol class=\"wp-block-list\" start=\"6\">\n<li><strong>DESTINATARIOS.<\/strong><\/li>\n<\/ol>\n<p>Durante el periodo de duraci\u00f3n del tratamiento de sus datos personales, organizaci\u00f3n podr\u00e1 ceder sus datos a los siguientes destinatarios: <\/p>\n<ul class=\"wp-block-list\">\n<li>Jueces y Tribunales.<\/li>\n<li>Fuerzas y Cuerpos de Seguridad del Estado.<\/li>\n<li>Otras autoridades u organismos p\u00fablicos competentes, cuando el responsable tenga la obligaci\u00f3n legal de facilitar los datos personales. <\/li>\n<li>Bancos y Entidades Financieras, en el caso de que nos contrate. <\/li>\n<\/ul>\n<ol class=\"wp-block-list\" start=\"7\">\n<li><strong>TRANSFERENCIAS INTERNACIONALES DE DATOS. <\/strong><\/li>\n<\/ol>\n<p>La organizaci\u00f3n no realiza Transferencia Internacional de Datos alguna. <\/p>\n<ol class=\"wp-block-list\" start=\"8\">\n<li><strong>DERECHOS.<\/strong><\/li>\n<\/ol>\n<p>Los interesados podr\u00e1n ejercer en cualquier momento y de forma totalmente gratuita los derechos de <strong>acceso, rectificaci\u00f3n y supresi\u00f3n, as\u00ed como solicitar que se limite el tratamiento de sus datos personales, oponerse al mismo, solicitar la portabilidad de estos (siempre que sea t\u00e9cnicamente posible) o retirar el consentimiento prestado<\/strong>, y en su caso, cuando proceda<strong>, a no ser objeto de una decisi\u00f3n basada \u00fanicamente en un tratamiento automatizado, incluido la elaboraci\u00f3n de perfiles.<\/strong>  <\/p>\n<p>Para ello podr\u00e1 emplear los formularios habilitados por la organizaci\u00f3n, o bien dirigir un escrito a la direcci\u00f3n postal o correo electr\u00f3nico arriba indicadas. Sin embargo, se le podr\u00e1 solicitar su DNI o cualquier otro documento an\u00e1logo con la finalidad de acreditar su identidad, siempre que ello no pueda hacerse por otros medios menos intrusivos.  <\/p>\n<p>En caso de que sienta vulnerados sus derechos en lo concerniente a la protecci\u00f3n de sus datos personales, especialmente cuando no haya obtenido satisfacci\u00f3n en el ejercicio de sus derechos, puede presentar una reclamaci\u00f3n ante la Autoridad de Control en materia de Protecci\u00f3n de Datos competente <strong>(Agencia Espa\u00f1ola de Protecci\u00f3n de Datos),<\/strong> a trav\u00e9s de su sitio web: <a href=\"http:\/\/www.agpd.es\/\" target=\"_blank\" rel=\"noreferrer noopener\">www.agpd.es<\/a>.<\/p>\n<p>En cumplimiento de lo dispuesto en el art\u00edculo 21 de la Ley 34\/2002 de servicios de la sociedad de la informaci\u00f3n y comercio electr\u00f3nico, si usted no desea recibir m\u00e1s informaci\u00f3n sobre nuestros servicios, puede darse de baja enviando un correo electr\u00f3nico a la direcci\u00f3n info@grupo-gourmet.com, con asunto <strong>\u201cBAJAS\u201d <\/strong> <\/p>\n<ol class=\"wp-block-list\" start=\"9\">\n<li><strong>VERACIDAD DE LOS DATOS.<\/strong><\/li>\n<\/ol>\n<p>El interesado garantiza que los datos aportados son verdaderos, exactos, completos y se encuentran actualizados; comprometi\u00e9ndose a informar de cualquier cambio respecto de los datos que aportara, por los canales habilitados al efecto e indicados en el punto uno de la presente pol\u00edtica. Ser\u00e1 responsable de cualquier da\u00f1o o perjuicio, tanto directo como indirecto, que pudiera ocasionar como consecuencia del incumplimiento de la presente obligaci\u00f3n. <\/p>\n<p>En el supuesto de que el usuario facilite datos de terceros, declara que cuenta con el consentimiento de los interesados y se compromete a trasladarle la informaci\u00f3n contenida en esta cl\u00e1usula, eximiendo a la organizaci\u00f3n de cualquier responsabilidad derivada por la falta de cumplimiento de la presente obligaci\u00f3n.<\/p>\n<ol class=\"wp-block-list\" start=\"10\">\n<li><strong>REDES SOCIALES<\/strong><\/li>\n<\/ol>\n<p>Las Redes Sociales forman parte del d\u00eda a d\u00eda de muchos usuarios de Internet, y para ellos la Entidad ha creado distintos perfiles en algunas de ellas.<\/p>\n<p>Todos los usuarios que visitan nuestra p\u00e1gina web tienen la oportunidad de unirse a nuestras redes sociales o grupos.<\/p>\n<p>Sin embargo, debes tener en cuenta que, salvo que le solicitemos sus datos directamente (por ejemplo, mediante acciones de marketing, concursos, promociones, o cualquier otra forma v\u00e1lida), sus datos pertenecer\u00e1n a la Red Social correspondiente, por lo que le recomendamos que lea detenidamente sus condiciones de uso y pol\u00edticas de privacidad, as\u00ed como, se asegure de configurar sus preferencias en cuanto al tratamiento de los datos.<\/p>\n<ol class=\"wp-block-list\" start=\"11\">\n<li><strong>MODIFICACIONES\/ ACTUALIZACI\u00d3N<\/strong><\/li>\n<\/ol>\n<p>La presente pol\u00edtica de privacidad puede verse modificada\/actualizada en funci\u00f3n de las exigencias legales establecidas o con la finalidad de adaptar dicha pol\u00edtica a las instrucciones dictadas por la Agencia Espa\u00f1ola de Protecci\u00f3n de Datos o cambios en nuestro sitio web.<\/p>\n<p>Por esta raz\u00f3n, aconsejamos a los usuarios que visiten peri\u00f3dicamente nuestra pol\u00edtica de privacidad.<\/p>\n<p>Si tiene dudas acerca de esta pol\u00edtica, puede contactar con BENIMAGRELL 52, SLU a trav\u00e9s del siguiente correo electr\u00f3nico: info@grupo-gourmet.com<\/p>\n<p>\u00daltima revisi\u00f3n: 05 de Abril de 2022<\/p>\t\t\t\t\t\t\t\t<\/div>\n\t\t\t\t<\/div>\n\t\t\t\t<div class=\"elementor-element elementor-element-446c934 elementor-widget elementor-widget-spacer\" data-id=\"446c934\" data-element_type=\"widget\" data-e-type=\"widget\" data-widget_type=\"spacer.default\">\n\t\t\t\t<div class=\"elementor-widget-container\">\n\t\t\t\t\t\t\t<div class=\"elementor-spacer\">\n\t\t\t<div class=\"elementor-spacer-inner\"><\/div>\n\t\t<\/div>\n\t\t\t\t\t\t<\/div>\n\t\t\t\t<\/div>\n\t\t\t\t<div class=\"elementor-element elementor-element-3f16a33 elementor-invisible elementor-widget elementor-widget-image\" data-id=\"3f16a33\" data-element_type=\"widget\" data-e-type=\"widget\" data-settings=\"{&quot;motion_fx_motion_fx_mouse&quot;:&quot;yes&quot;,&quot;motion_fx_mouseTrack_effect&quot;:&quot;yes&quot;,&quot;_animation&quot;:&quot;fadeInLeft&quot;,&quot;_animation_mobile&quot;:&quot;zoomIn&quot;,&quot;motion_fx_mouseTrack_speed&quot;:{&quot;unit&quot;:&quot;px&quot;,&quot;size&quot;:1,&quot;sizes&quot;:[]}}\" data-widget_type=\"image.default\">\n\t\t\t\t<div class=\"elementor-widget-container\">\n\t\t\t\t\t\t\t\t\t\t\t\t\t\t\t<img fetchpriority=\"high\" decoding=\"async\" width=\"720\" height=\"476\" src=\"https:\/\/vaqueriamediterranea.com\/wp-content\/uploads\/PEZ-VAQUERIA-3.png\" class=\"attachment-medium_large size-medium_large wp-image-1594\" alt=\"\" \/>\t\t\t\t\t\t\t\t\t\t\t\t\t\t\t<\/div>\n\t\t\t\t<\/div>\n\t\t\t\t<div class=\"elementor-element elementor-element-e27d1dc elementor-widget__width-initial elementor-widget elementor-widget-heading\" data-id=\"e27d1dc\" data-element_type=\"widget\" data-e-type=\"widget\" data-widget_type=\"heading.default\">\n\t\t\t\t<div class=\"elementor-widget-container\">\n\t\t\t\t\t<h4 class=\"elementor-heading-title elementor-size-default\">La brasa no es solo una t\u00e9cnica: El fuego es instinto, la brasa es arte<\/h4>\t\t\t\t<\/div>\n\t\t\t\t<\/div>\n\t\t\t\t\t<\/div>\n\t\t<\/div>\n\t\t\t\t\t<\/div>\n\t\t<\/section>\n\t\t\t\t<\/div>\n\t\t","protected":false},"excerpt":{"rendered":"<p>PRIVACY POLICY. El objetivo de esta pol\u00edtica es informar a los interesados acerca de los distintos tratamientos realizados por esta organizaci\u00f3n mediante la p\u00e1gina web y que afecten a sus datos personales de conformidad con lo establecido en la Ley Org\u00e1nica 3\/2018, de 5 de diciembre, de Protecci\u00f3n de Datos Personales y garant\u00eda de los &#8230; <a title=\"Privacy Policy\" class=\"read-more\" href=\"https:\/\/vaqueriamediterranea.com\/en\/privacy-policy\/\" aria-label=\"Read more about Privacy Policy\">Read more<\/a><\/p>\n","protected":false},"author":1,"featured_media":0,"parent":0,"menu_order":0,"comment_status":"closed","ping_status":"open","template":"elementor_header_footer","meta":{"footnotes":""},"class_list":["post-1676","page","type-page","status-publish"],"yoast_head":"<!-- This site is optimized with the Yoast SEO plugin v27.3 - https:\/\/yoast.com\/product\/yoast-seo-wordpress\/ -->\n<title>Privacy Policy - La Vaquer\u00eda<\/title>\n<meta name=\"robots\" content=\"noindex, follow\" \/>\n<meta property=\"og:locale\" content=\"en_US\" \/>\n<meta property=\"og:type\" content=\"article\" \/>\n<meta property=\"og:title\" content=\"Privacy Policy - La Vaquer\u00eda\" \/>\n<meta property=\"og:description\" content=\"PRIVACY POLICY. El objetivo de esta pol\u00edtica es informar a los interesados acerca de los distintos tratamientos realizados por esta organizaci\u00f3n mediante la p\u00e1gina web y que afecten a sus datos personales de conformidad con lo establecido en la Ley Org\u00e1nica 3\/2018, de 5 de diciembre, de Protecci\u00f3n de Datos Personales y garant\u00eda de los ... Read more\" \/>\n<meta property=\"og:url\" content=\"https:\/\/vaqueriamediterranea.com\/en\/privacy-policy\/\" \/>\n<meta property=\"og:site_name\" content=\"La Vaquer\u00eda\" \/>\n<meta property=\"article:modified_time\" content=\"2025-08-20T09:26:09+00:00\" \/>\n<meta property=\"og:image\" content=\"https:\/\/vaqueriamediterranea.com\/wp-content\/uploads\/PEZ-VAQUERIA-3.png\" \/>\n\t<meta property=\"og:image:width\" content=\"720\" \/>\n\t<meta property=\"og:image:height\" content=\"476\" \/>\n\t<meta property=\"og:image:type\" content=\"image\/png\" \/>\n<meta name=\"twitter:card\" content=\"summary_large_image\" \/>\n<meta name=\"twitter:label1\" content=\"Est. reading time\" \/>\n\t<meta name=\"twitter:data1\" content=\"6 minutes\" \/>\n<script type=\"application\/ld+json\" class=\"yoast-schema-graph\">{\"@context\":\"https:\\\/\\\/schema.org\",\"@graph\":[{\"@type\":\"WebPage\",\"@id\":\"https:\\\/\\\/vaqueriamediterranea.com\\\/en\\\/privacy-policy\\\/\",\"url\":\"https:\\\/\\\/vaqueriamediterranea.com\\\/en\\\/privacy-policy\\\/\",\"name\":\"Privacy Policy - La Vaquer\u00eda\",\"isPartOf\":{\"@id\":\"https:\\\/\\\/vaqueriamediterranea.com\\\/en\\\/#website\"},\"primaryImageOfPage\":{\"@id\":\"https:\\\/\\\/vaqueriamediterranea.com\\\/en\\\/privacy-policy\\\/#primaryimage\"},\"image\":{\"@id\":\"https:\\\/\\\/vaqueriamediterranea.com\\\/en\\\/privacy-policy\\\/#primaryimage\"},\"thumbnailUrl\":\"https:\\\/\\\/vaqueriamediterranea.com\\\/wp-content\\\/uploads\\\/PEZ-VAQUERIA-3.png\",\"datePublished\":\"2025-08-20T09:26:08+00:00\",\"dateModified\":\"2025-08-20T09:26:09+00:00\",\"breadcrumb\":{\"@id\":\"https:\\\/\\\/vaqueriamediterranea.com\\\/en\\\/privacy-policy\\\/#breadcrumb\"},\"inLanguage\":\"en-US\",\"potentialAction\":[{\"@type\":\"ReadAction\",\"target\":[\"https:\\\/\\\/vaqueriamediterranea.com\\\/en\\\/privacy-policy\\\/\"]}]},{\"@type\":\"ImageObject\",\"inLanguage\":\"en-US\",\"@id\":\"https:\\\/\\\/vaqueriamediterranea.com\\\/en\\\/privacy-policy\\\/#primaryimage\",\"url\":\"https:\\\/\\\/vaqueriamediterranea.com\\\/wp-content\\\/uploads\\\/PEZ-VAQUERIA-3.png\",\"contentUrl\":\"https:\\\/\\\/vaqueriamediterranea.com\\\/wp-content\\\/uploads\\\/PEZ-VAQUERIA-3.png\"},{\"@type\":\"BreadcrumbList\",\"@id\":\"https:\\\/\\\/vaqueriamediterranea.com\\\/en\\\/privacy-policy\\\/#breadcrumb\",\"itemListElement\":[{\"@type\":\"ListItem\",\"position\":1,\"name\":\"Portada\",\"item\":\"https:\\\/\\\/vaqueriamediterranea.com\\\/en\\\/home\\\/\"},{\"@type\":\"ListItem\",\"position\":2,\"name\":\"Privacy Policy\"}]},{\"@type\":\"WebSite\",\"@id\":\"https:\\\/\\\/vaqueriamediterranea.com\\\/en\\\/#website\",\"url\":\"https:\\\/\\\/vaqueriamediterranea.com\\\/en\\\/\",\"name\":\"La Vaquer\u00eda\",\"description\":\"Asador Mediterr\u00e1neo en Alicante\",\"publisher\":{\"@id\":\"https:\\\/\\\/vaqueriamediterranea.com\\\/en\\\/#organization\"},\"alternateName\":\"Asador la Vaquer\u00eda\",\"potentialAction\":[{\"@type\":\"SearchAction\",\"target\":{\"@type\":\"EntryPoint\",\"urlTemplate\":\"https:\\\/\\\/vaqueriamediterranea.com\\\/en\\\/?s={search_term_string}\"},\"query-input\":{\"@type\":\"PropertyValueSpecification\",\"valueRequired\":true,\"valueName\":\"search_term_string\"}}],\"inLanguage\":\"en-US\"},{\"@type\":\"Organization\",\"@id\":\"https:\\\/\\\/vaqueriamediterranea.com\\\/en\\\/#organization\",\"name\":\"La Vaquer\u00eda\",\"alternateName\":\"Asador Mediterr\u00e1neo en Alicante\",\"url\":\"https:\\\/\\\/vaqueriamediterranea.com\\\/en\\\/\",\"logo\":{\"@type\":\"ImageObject\",\"inLanguage\":\"en-US\",\"@id\":\"https:\\\/\\\/vaqueriamediterranea.com\\\/en\\\/#\\\/schema\\\/logo\\\/image\\\/\",\"url\":\"https:\\\/\\\/vaqueriamediterranea.com\\\/wp-content\\\/uploads\\\/Logotipo-Verde-vaqueria.webp\",\"contentUrl\":\"https:\\\/\\\/vaqueriamediterranea.com\\\/wp-content\\\/uploads\\\/Logotipo-Verde-vaqueria.webp\",\"width\":500,\"height\":221,\"caption\":\"La Vaquer\u00eda\"},\"image\":{\"@id\":\"https:\\\/\\\/vaqueriamediterranea.com\\\/en\\\/#\\\/schema\\\/logo\\\/image\\\/\"}}]}<\/script>\n<!-- \/ Yoast SEO plugin. -->","yoast_head_json":{"title":"Privacy Policy - La Vaquer\u00eda","robots":{"index":"noindex","follow":"follow"},"og_locale":"en_US","og_type":"article","og_title":"Privacy Policy - La Vaquer\u00eda","og_description":"PRIVACY POLICY. El objetivo de esta pol\u00edtica es informar a los interesados acerca de los distintos tratamientos realizados por esta organizaci\u00f3n mediante la p\u00e1gina web y que afecten a sus datos personales de conformidad con lo establecido en la Ley Org\u00e1nica 3\/2018, de 5 de diciembre, de Protecci\u00f3n de Datos Personales y garant\u00eda de los ... Read more","og_url":"https:\/\/vaqueriamediterranea.com\/en\/privacy-policy\/","og_site_name":"La Vaquer\u00eda","article_modified_time":"2025-08-20T09:26:09+00:00","og_image":[{"width":720,"height":476,"url":"https:\/\/vaqueriamediterranea.com\/wp-content\/uploads\/PEZ-VAQUERIA-3.png","type":"image\/png"}],"twitter_card":"summary_large_image","twitter_misc":{"Est. reading time":"6 minutes"},"schema":{"@context":"https:\/\/schema.org","@graph":[{"@type":"WebPage","@id":"https:\/\/vaqueriamediterranea.com\/en\/privacy-policy\/","url":"https:\/\/vaqueriamediterranea.com\/en\/privacy-policy\/","name":"Privacy Policy - La Vaquer\u00eda","isPartOf":{"@id":"https:\/\/vaqueriamediterranea.com\/en\/#website"},"primaryImageOfPage":{"@id":"https:\/\/vaqueriamediterranea.com\/en\/privacy-policy\/#primaryimage"},"image":{"@id":"https:\/\/vaqueriamediterranea.com\/en\/privacy-policy\/#primaryimage"},"thumbnailUrl":"https:\/\/vaqueriamediterranea.com\/wp-content\/uploads\/PEZ-VAQUERIA-3.png","datePublished":"2025-08-20T09:26:08+00:00","dateModified":"2025-08-20T09:26:09+00:00","breadcrumb":{"@id":"https:\/\/vaqueriamediterranea.com\/en\/privacy-policy\/#breadcrumb"},"inLanguage":"en-US","potentialAction":[{"@type":"ReadAction","target":["https:\/\/vaqueriamediterranea.com\/en\/privacy-policy\/"]}]},{"@type":"ImageObject","inLanguage":"en-US","@id":"https:\/\/vaqueriamediterranea.com\/en\/privacy-policy\/#primaryimage","url":"https:\/\/vaqueriamediterranea.com\/wp-content\/uploads\/PEZ-VAQUERIA-3.png","contentUrl":"https:\/\/vaqueriamediterranea.com\/wp-content\/uploads\/PEZ-VAQUERIA-3.png"},{"@type":"BreadcrumbList","@id":"https:\/\/vaqueriamediterranea.com\/en\/privacy-policy\/#breadcrumb","itemListElement":[{"@type":"ListItem","position":1,"name":"Portada","item":"https:\/\/vaqueriamediterranea.com\/en\/home\/"},{"@type":"ListItem","position":2,"name":"Privacy Policy"}]},{"@type":"WebSite","@id":"https:\/\/vaqueriamediterranea.com\/en\/#website","url":"https:\/\/vaqueriamediterranea.com\/en\/","name":"La Vaquer\u00eda","description":"Asador Mediterr\u00e1neo en Alicante","publisher":{"@id":"https:\/\/vaqueriamediterranea.com\/en\/#organization"},"alternateName":"Asador la Vaquer\u00eda","potentialAction":[{"@type":"SearchAction","target":{"@type":"EntryPoint","urlTemplate":"https:\/\/vaqueriamediterranea.com\/en\/?s={search_term_string}"},"query-input":{"@type":"PropertyValueSpecification","valueRequired":true,"valueName":"search_term_string"}}],"inLanguage":"en-US"},{"@type":"Organization","@id":"https:\/\/vaqueriamediterranea.com\/en\/#organization","name":"La Vaquer\u00eda","alternateName":"Asador Mediterr\u00e1neo en Alicante","url":"https:\/\/vaqueriamediterranea.com\/en\/","logo":{"@type":"ImageObject","inLanguage":"en-US","@id":"https:\/\/vaqueriamediterranea.com\/en\/#\/schema\/logo\/image\/","url":"https:\/\/vaqueriamediterranea.com\/wp-content\/uploads\/Logotipo-Verde-vaqueria.webp","contentUrl":"https:\/\/vaqueriamediterranea.com\/wp-content\/uploads\/Logotipo-Verde-vaqueria.webp","width":500,"height":221,"caption":"La Vaquer\u00eda"},"image":{"@id":"https:\/\/vaqueriamediterranea.com\/en\/#\/schema\/logo\/image\/"}}]}},"_links":{"self":[{"href":"https:\/\/vaqueriamediterranea.com\/en\/wp-json\/wp\/v2\/pages\/1676","targetHints":{"allow":["GET"]}}],"collection":[{"href":"https:\/\/vaqueriamediterranea.com\/en\/wp-json\/wp\/v2\/pages"}],"about":[{"href":"https:\/\/vaqueriamediterranea.com\/en\/wp-json\/wp\/v2\/types\/page"}],"author":[{"embeddable":true,"href":"https:\/\/vaqueriamediterranea.com\/en\/wp-json\/wp\/v2\/users\/1"}],"replies":[{"embeddable":true,"href":"https:\/\/vaqueriamediterranea.com\/en\/wp-json\/wp\/v2\/comments?post=1676"}],"version-history":[{"count":1,"href":"https:\/\/vaqueriamediterranea.com\/en\/wp-json\/wp\/v2\/pages\/1676\/revisions"}],"predecessor-version":[{"id":1677,"href":"https:\/\/vaqueriamediterranea.com\/en\/wp-json\/wp\/v2\/pages\/1676\/revisions\/1677"}],"wp:attachment":[{"href":"https:\/\/vaqueriamediterranea.com\/en\/wp-json\/wp\/v2\/media?parent=1676"}],"curies":[{"name":"wp","href":"https:\/\/api.w.org\/{rel}","templated":true}]}}